{"id":22,"date":"2022-04-03T09:28:46","date_gmt":"2022-04-03T09:28:46","guid":{"rendered":"http:\/\/mvdbsophro.fr\/?page_id=22"},"modified":"2026-02-05T15:37:02","modified_gmt":"2026-02-05T15:37:02","slug":"la-sophrologie","status":"publish","type":"page","link":"https:\/\/mvdbsophro.fr\/?page_id=22","title":{"rendered":"La sophrologie en institution, en entreprise ou en milieu scolaire"},"content":{"rendered":"\n<p>Dans un souci de bien \u00eatre et en application de la loi sur la qualit\u00e9 de vie au travail, la Sophrologie vient d\u00e9velopper et am\u00e9liorer la coh\u00e9sion entre collaborateurs. Gr\u00e2ce \u00e0 un travail pr\u00e9ventif, la Sophrologie contribue \u00e0 d\u00e9velopper une v\u00e9ritable qualit\u00e9 de vie au travail et limiter les risques psychosociaux.<\/p>\n\n\n\n<p>La d\u00e9marche sophrologique s&#8217;int\u00e8gre aujourd&#8217;hui, parfaitement dans le milieu du travail que ce soit pour aider le dirigeant \u00e0 faire face \u00e0 la pression ou les employ\u00e9s \u00e0 g\u00e9rer le stress, \u00e0 pr\u00e9venir les tensions m\u00e9caniques et \u00e0 am\u00e9liorer la transition travail-maison&#8230; <br>La Sophrologie en entreprise est une Sophrologie pragmatique, un outil au service du mieux \u00eatre des salari\u00e9s et dirigeants, pour une aide \u00e0 la prise de parole en public ou pour faire face \u00e0 la recrudescence des syndromes d&#8217;\u00e9puisement professionnel (burn-out).<\/p>\n\n\n\n<p><\/p>\n","protected":false},"excerpt":{"rendered":"<p>Dans un souci de bien \u00eatre et en application de la loi sur la qualit\u00e9 de vie au travail, la Sophrologie vient d\u00e9velopper et am\u00e9liorer la coh\u00e9sion entre collaborateurs. Gr\u00e2ce \u00e0 un travail pr\u00e9ventif, la Sophrologie contribue \u00e0 d\u00e9velopper une v\u00e9ritable qualit\u00e9 de vie au travail et limiter les risques psychosociaux. La d\u00e9marche sophrologique s&#8217;int\u00e8gre &hellip; <\/p>\n<p class=\"link-more\"><a href=\"https:\/\/mvdbsophro.fr\/?page_id=22\" class=\"more-link\">Continue reading<span class=\"screen-reader-text\"> &#8220;La sophrologie en institution, en entreprise ou en milieu scolaire&#8221;<\/span><\/a><\/p>\n","protected":false},"author":2,"featured_media":109,"parent":40,"menu_order":0,"comment_status":"closed","ping_status":"closed","template":"","meta":{"footnotes":""},"class_list":["post-22","page","type-page","status-publish","has-post-thumbnail","hentry"],"_links":{"self":[{"href":"https:\/\/mvdbsophro.fr\/index.php?rest_route=\/wp\/v2\/pages\/22","targetHints":{"allow":["GET"]}}],"collection":[{"href":"https:\/\/mvdbsophro.fr\/index.php?rest_route=\/wp\/v2\/pages"}],"about":[{"href":"https:\/\/mvdbsophro.fr\/index.php?rest_route=\/wp\/v2\/types\/page"}],"author":[{"embeddable":true,"href":"https:\/\/mvdbsophro.fr\/index.php?rest_route=\/wp\/v2\/users\/2"}],"replies":[{"embeddable":true,"href":"https:\/\/mvdbsophro.fr\/index.php?rest_route=%2Fwp%2Fv2%2Fcomments&post=22"}],"version-history":[{"count":1,"href":"https:\/\/mvdbsophro.fr\/index.php?rest_route=\/wp\/v2\/pages\/22\/revisions"}],"predecessor-version":[{"id":134,"href":"https:\/\/mvdbsophro.fr\/index.php?rest_route=\/wp\/v2\/pages\/22\/revisions\/134"}],"up":[{"embeddable":true,"href":"https:\/\/mvdbsophro.fr\/index.php?rest_route=\/wp\/v2\/pages\/40"}],"wp:featuredmedia":[{"embeddable":true,"href":"https:\/\/mvdbsophro.fr\/index.php?rest_route=\/wp\/v2\/menu-items\/109"}],"wp:attachment":[{"href":"https:\/\/mvdbsophro.fr\/index.php?rest_route=%2Fwp%2Fv2%2Fmedia&parent=22"}],"curies":[{"name":"wp","href":"https:\/\/api.w.org\/{rel}","templated":true}]}}